{"id":1508,"date":"2019-02-08T14:28:55","date_gmt":"2019-02-08T14:28:55","guid":{"rendered":"https:\/\/whelkdev9.ca\/produits\/basic-2\/"},"modified":"2023-03-30T21:35:22","modified_gmt":"2023-03-30T21:35:22","slug":"basic-2","status":"publish","type":"product","link":"https:\/\/aktuell.ca\/en\/products\/basic-2\/","title":{"rendered":"BAS\u00cfC 2 48"},"content":{"rendered":"<h2>Features:<\/h2>\n<ul>\n<li>Possibility of two or three tiling flange for a corner installation (left or right) or for alcove installation<\/li>\n<li>Center drain with cover<\/li>\n<\/ul>\n<h2>Datasheets:<\/h2>\n<p><div class=\"fusion-fullwidth fullwidth-box fusion-builder-row-1 nonhundred-percent-fullwidth non-hundred-percent-height-scrolling\" style=\"--awb-border-radius-top-left:0px;--awb-border-radius-top-right:0px;--awb-border-radius-bottom-right:0px;--awb-border-radius-bottom-left:0px;--awb-flex-wrap:wrap;\" ><\/div><div class=\"fusion-builder-row fusion-row\"><\/div><div class=\"fusion-layout-column fusion_builder_column fusion-builder-column-0 fusion_builder_column_1_1 1_1 fusion-one-full fusion-column-first fusion-column-last\" style=\"--awb-bg-size:cover;width:100%;\"><div class=\"fusion-column-wrapper fusion-flex-column-wrapper-legacy\"><div class=\"fusion-clearfix\"><\/div><\/div><\/div><\/p>\n<div class=\"table-1\">\n<table width=\"100%\">\n<thead>\n<tr>\n<th align=\"left\">SKU : <strong><span id=\"page6R_mcid5358\" class=\"markedContent\"><span dir=\"ltr\" role=\"presentation\">AKK4836 DCR<\/span><\/span><\/strong><\/th>\n<th align=\"left\">Specifications<\/th>\n<\/tr>\n<\/thead>\n<tbody>\n<tr>\n<td align=\"left\"><img decoding=\"async\" class=\"alignnone wp-image-1189 size-full\" src=\"https:\/\/aktuell.ca\/wp-content\/uploads\/2019\/02\/Aktuell_icon_BASIC2-4836L_douche.png\" alt=\"\" width=\"300\" height=\"300\" srcset=\"https:\/\/aktuell.ca\/wp-content\/uploads\/2019\/02\/Aktuell_icon_BASIC2-4836L_douche-66x66.png 66w, https:\/\/aktuell.ca\/wp-content\/uploads\/2019\/02\/Aktuell_icon_BASIC2-4836L_douche-100x100.png 100w, https:\/\/aktuell.ca\/wp-content\/uploads\/2019\/02\/Aktuell_icon_BASIC2-4836L_douche-150x150.png 150w, https:\/\/aktuell.ca\/wp-content\/uploads\/2019\/02\/Aktuell_icon_BASIC2-4836L_douche-200x200.png 200w, https:\/\/aktuell.ca\/wp-content\/uploads\/2019\/02\/Aktuell_icon_BASIC2-4836L_douche.png 300w\" sizes=\"(max-width: 300px) 100vw, 300px\" \/><\/td>\n<td align=\"left\">121,7 cm x 91,3 cm x 7,3 cm<\/p>\n<p>47 29\/32 po x 35 61\/64 po x 2 7\/8 po<\/p>\n<p>&nbsp;<\/p>\n<p><a href=\"https:\/\/aktuell.ca\/wp-content\/uploads\/2019\/02\/Aktuell_fiche_BASIC2-4836DCL_douche.pdf\" target=\"_blank\" rel=\"noopener\"><img decoding=\"async\" class=\"alignnone wp-image-782\" src=\"https:\/\/aktuell.ca\/wp-content\/uploads\/2019\/02\/PDF-logo-150x150.png\" alt=\"\" width=\"76\" height=\"76\" \/><\/a><\/td>\n<\/tr>\n<tr>\n<th align=\"left\">SKU : <strong><span id=\"page6R_mcid5254\" class=\"markedContent\"><span dir=\"ltr\" role=\"presentation\">AKK4836 DCL<\/span><\/span><\/strong><\/th>\n<th align=\"left\">Specifications<\/th>\n<\/tr>\n<tr>\n<td align=\"left\"><img decoding=\"async\" class=\"alignnone wp-image-1190 size-full\" src=\"https:\/\/aktuell.ca\/wp-content\/uploads\/2019\/02\/Aktuell_icon_BASIC2-4836R_douche.png\" alt=\"\" width=\"300\" height=\"300\" srcset=\"https:\/\/aktuell.ca\/wp-content\/uploads\/2019\/02\/Aktuell_icon_BASIC2-4836R_douche-66x66.png 66w, https:\/\/aktuell.ca\/wp-content\/uploads\/2019\/02\/Aktuell_icon_BASIC2-4836R_douche-100x100.png 100w, https:\/\/aktuell.ca\/wp-content\/uploads\/2019\/02\/Aktuell_icon_BASIC2-4836R_douche-150x150.png 150w, https:\/\/aktuell.ca\/wp-content\/uploads\/2019\/02\/Aktuell_icon_BASIC2-4836R_douche-200x200.png 200w, https:\/\/aktuell.ca\/wp-content\/uploads\/2019\/02\/Aktuell_icon_BASIC2-4836R_douche.png 300w\" sizes=\"(max-width: 300px) 100vw, 300px\" \/><\/td>\n<td align=\"left\">121,7 cm x 91,3 cm x 7,3 cm<\/p>\n<p>47 29\/32 po x 35 61\/64 po x 2 7\/8 po<\/p>\n<p>&nbsp;<\/p>\n<p><a href=\"https:\/\/aktuell.ca\/wp-content\/uploads\/2019\/02\/Aktuell_fiche_BASIC2-4836DCR_douche.pdf\" target=\"_blank\" rel=\"noopener\"><img decoding=\"async\" class=\"alignnone wp-image-782\" src=\"https:\/\/aktuell.ca\/wp-content\/uploads\/2019\/02\/PDF-logo-150x150.png\" alt=\"\" width=\"76\" height=\"76\" \/><\/a><\/td>\n<\/tr>\n<tr>\n<th align=\"left\">SKU : <strong><span id=\"page6R_mcid5413\" class=\"markedContent\"><span dir=\"ltr\" role=\"presentation\">AKK4836 DCS<\/span><\/span><\/strong><\/th>\n<th align=\"left\">Specifications<\/th>\n<\/tr>\n<tr>\n<td align=\"left\"><img decoding=\"async\" class=\"alignnone wp-image-1191 size-full\" src=\"https:\/\/aktuell.ca\/wp-content\/uploads\/2019\/02\/Aktuell_icon_BASIC2-4836S_douche.png\" alt=\"\" width=\"300\" height=\"300\" srcset=\"https:\/\/aktuell.ca\/wp-content\/uploads\/2019\/02\/Aktuell_icon_BASIC2-4836S_douche-66x66.png 66w, https:\/\/aktuell.ca\/wp-content\/uploads\/2019\/02\/Aktuell_icon_BASIC2-4836S_douche-100x100.png 100w, https:\/\/aktuell.ca\/wp-content\/uploads\/2019\/02\/Aktuell_icon_BASIC2-4836S_douche-150x150.png 150w, https:\/\/aktuell.ca\/wp-content\/uploads\/2019\/02\/Aktuell_icon_BASIC2-4836S_douche-200x200.png 200w, https:\/\/aktuell.ca\/wp-content\/uploads\/2019\/02\/Aktuell_icon_BASIC2-4836S_douche.png 300w\" sizes=\"(max-width: 300px) 100vw, 300px\" \/><\/td>\n<td align=\"left\">121,7 cm x 91,3 cm x 7,3 cm<\/p>\n<p>47 29\/32 po x 35 61\/64 po x 2 7\/8 po<\/p>\n<p>&nbsp;<\/p>\n<p><a href=\"https:\/\/aktuell.ca\/wp-content\/uploads\/2019\/02\/Aktuell_fiche_BASIC2-4836DCS_douche.pdf\" target=\"_blank\" rel=\"noopener\"><img decoding=\"async\" class=\"alignnone wp-image-782\" src=\"https:\/\/aktuell.ca\/wp-content\/uploads\/2019\/02\/PDF-logo-150x150.png\" alt=\"\" width=\"76\" height=\"76\" \/><\/a><\/td>\n<\/tr>\n<\/tbody>\n<\/table>\n<\/div>\n","protected":false},"excerpt":{"rendered":"<h1>BAS\u00cfC 2 Shower Base &#8211; 48 inch series<\/h1>\n<p>Rectangular in shape, the Bas\u00efc 2 acrylic shower base has a smooth finish that makes cleaning easy. It comes with two or three integrated tile flanges, in addition to a center drain with cover. Bas\u00efc 2 shower bases lend themselves well to both corner and alcove showers.<\/p>\n","protected":false},"featured_media":1416,"template":"","meta":[],"product_brand":[],"product_cat":[29],"product_tag":[],"class_list":{"0":"post-1508","1":"product","2":"type-product","3":"status-publish","4":"has-post-thumbnail","6":"product_cat-uncategorized","8":"first","9":"instock","10":"shipping-taxable","11":"product-type-simple"},"yoast_head":"<!-- This site is optimized with the Yoast SEO plugin v27.5 - https:\/\/yoast.com\/product\/yoast-seo-wordpress\/ -->\n<title>BAS\u00cfC 2 48 - AKTUELL<\/title>\n<meta name=\"robots\" content=\"index, follow, max-snippet:-1, max-image-preview:large, max-video-preview:-1\" \/>\n<link rel=\"canonical\" href=\"https:\/\/aktuell.ca\/en\/products\/basic-2\/\" \/>\n<meta property=\"og:locale\" content=\"en_US\" \/>\n<meta property=\"og:type\" content=\"article\" \/>\n<meta property=\"og:title\" content=\"BAS\u00cfC 2 48 - AKTUELL\" \/>\n<meta property=\"og:description\" content=\"BAS\u00cfC 2 Shower Base - 48 inch series Rectangular in shape, the Bas\u00efc 2 acrylic shower base has a smooth finish that makes cleaning easy. It comes with two or three integrated tile flanges, in addition to a center drain with cover. Bas\u00efc 2 shower bases lend themselves well to both corner and alcove showers.\" \/>\n<meta property=\"og:url\" content=\"https:\/\/aktuell.ca\/en\/products\/basic-2\/\" \/>\n<meta property=\"og:site_name\" content=\"AKTUELL\" \/>\n<meta property=\"article:modified_time\" content=\"2023-03-30T21:35:22+00:00\" \/>\n<meta property=\"og:image\" content=\"https:\/\/aktuell.ca\/wp-content\/uploads\/2019\/02\/douches_2basic_48.jpg\" \/>\n\t<meta property=\"og:image:width\" content=\"500\" \/>\n\t<meta property=\"og:image:height\" content=\"500\" \/>\n\t<meta property=\"og:image:type\" content=\"image\/jpeg\" \/>\n<meta name=\"twitter:card\" content=\"summary_large_image\" \/>\n<meta name=\"twitter:label1\" content=\"Est. reading time\" \/>\n\t<meta name=\"twitter:data1\" content=\"2 minutes\" \/>\n<script type=\"application\/ld+json\" class=\"yoast-schema-graph\">{\"@context\":\"https:\\\/\\\/schema.org\",\"@graph\":[{\"@type\":\"WebPage\",\"@id\":\"https:\\\/\\\/aktuell.ca\\\/en\\\/products\\\/basic-2\\\/\",\"url\":\"https:\\\/\\\/aktuell.ca\\\/en\\\/products\\\/basic-2\\\/\",\"name\":\"BAS\u00cfC 2 48 - AKTUELL\",\"isPartOf\":{\"@id\":\"https:\\\/\\\/aktuell.ca\\\/#website\"},\"primaryImageOfPage\":{\"@id\":\"https:\\\/\\\/aktuell.ca\\\/en\\\/products\\\/basic-2\\\/#primaryimage\"},\"image\":{\"@id\":\"https:\\\/\\\/aktuell.ca\\\/en\\\/products\\\/basic-2\\\/#primaryimage\"},\"thumbnailUrl\":\"https:\\\/\\\/aktuell.ca\\\/wp-content\\\/uploads\\\/2019\\\/02\\\/douches_2basic_48.jpg\",\"datePublished\":\"2019-02-08T14:28:55+00:00\",\"dateModified\":\"2023-03-30T21:35:22+00:00\",\"breadcrumb\":{\"@id\":\"https:\\\/\\\/aktuell.ca\\\/en\\\/products\\\/basic-2\\\/#breadcrumb\"},\"inLanguage\":\"en-US\",\"potentialAction\":[{\"@type\":\"ReadAction\",\"target\":[\"https:\\\/\\\/aktuell.ca\\\/en\\\/products\\\/basic-2\\\/\"]}]},{\"@type\":\"ImageObject\",\"inLanguage\":\"en-US\",\"@id\":\"https:\\\/\\\/aktuell.ca\\\/en\\\/products\\\/basic-2\\\/#primaryimage\",\"url\":\"https:\\\/\\\/aktuell.ca\\\/wp-content\\\/uploads\\\/2019\\\/02\\\/douches_2basic_48.jpg\",\"contentUrl\":\"https:\\\/\\\/aktuell.ca\\\/wp-content\\\/uploads\\\/2019\\\/02\\\/douches_2basic_48.jpg\",\"width\":500,\"height\":500},{\"@type\":\"BreadcrumbList\",\"@id\":\"https:\\\/\\\/aktuell.ca\\\/en\\\/products\\\/basic-2\\\/#breadcrumb\",\"itemListElement\":[{\"@type\":\"ListItem\",\"position\":1,\"name\":\"Accueil\",\"item\":\"https:\\\/\\\/aktuell.ca\\\/en\\\/\"},{\"@type\":\"ListItem\",\"position\":2,\"name\":\"Boutique\",\"item\":\"https:\\\/\\\/aktuell.ca\\\/boutique\\\/\"},{\"@type\":\"ListItem\",\"position\":3,\"name\":\"BAS\u00cfC 2 48\"}]},{\"@type\":\"WebSite\",\"@id\":\"https:\\\/\\\/aktuell.ca\\\/#website\",\"url\":\"https:\\\/\\\/aktuell.ca\\\/\",\"name\":\"AKTUELL\",\"description\":\"Produits de salle de bains\",\"potentialAction\":[{\"@type\":\"SearchAction\",\"target\":{\"@type\":\"EntryPoint\",\"urlTemplate\":\"https:\\\/\\\/aktuell.ca\\\/?s={search_term_string}\"},\"query-input\":{\"@type\":\"PropertyValueSpecification\",\"valueRequired\":true,\"valueName\":\"search_term_string\"}}],\"inLanguage\":\"en-US\"}]}<\/script>\n<!-- \/ Yoast SEO plugin. -->","yoast_head_json":{"title":"BAS\u00cfC 2 48 - AKTUELL","robots":{"index":"index","follow":"follow","max-snippet":"max-snippet:-1","max-image-preview":"max-image-preview:large","max-video-preview":"max-video-preview:-1"},"canonical":"https:\/\/aktuell.ca\/en\/products\/basic-2\/","og_locale":"en_US","og_type":"article","og_title":"BAS\u00cfC 2 48 - AKTUELL","og_description":"BAS\u00cfC 2 Shower Base - 48 inch series Rectangular in shape, the Bas\u00efc 2 acrylic shower base has a smooth finish that makes cleaning easy. It comes with two or three integrated tile flanges, in addition to a center drain with cover. Bas\u00efc 2 shower bases lend themselves well to both corner and alcove showers.","og_url":"https:\/\/aktuell.ca\/en\/products\/basic-2\/","og_site_name":"AKTUELL","article_modified_time":"2023-03-30T21:35:22+00:00","og_image":[{"width":500,"height":500,"url":"https:\/\/aktuell.ca\/wp-content\/uploads\/2019\/02\/douches_2basic_48.jpg","type":"image\/jpeg"}],"twitter_card":"summary_large_image","twitter_misc":{"Est. reading time":"2 minutes"},"schema":{"@context":"https:\/\/schema.org","@graph":[{"@type":"WebPage","@id":"https:\/\/aktuell.ca\/en\/products\/basic-2\/","url":"https:\/\/aktuell.ca\/en\/products\/basic-2\/","name":"BAS\u00cfC 2 48 - AKTUELL","isPartOf":{"@id":"https:\/\/aktuell.ca\/#website"},"primaryImageOfPage":{"@id":"https:\/\/aktuell.ca\/en\/products\/basic-2\/#primaryimage"},"image":{"@id":"https:\/\/aktuell.ca\/en\/products\/basic-2\/#primaryimage"},"thumbnailUrl":"https:\/\/aktuell.ca\/wp-content\/uploads\/2019\/02\/douches_2basic_48.jpg","datePublished":"2019-02-08T14:28:55+00:00","dateModified":"2023-03-30T21:35:22+00:00","breadcrumb":{"@id":"https:\/\/aktuell.ca\/en\/products\/basic-2\/#breadcrumb"},"inLanguage":"en-US","potentialAction":[{"@type":"ReadAction","target":["https:\/\/aktuell.ca\/en\/products\/basic-2\/"]}]},{"@type":"ImageObject","inLanguage":"en-US","@id":"https:\/\/aktuell.ca\/en\/products\/basic-2\/#primaryimage","url":"https:\/\/aktuell.ca\/wp-content\/uploads\/2019\/02\/douches_2basic_48.jpg","contentUrl":"https:\/\/aktuell.ca\/wp-content\/uploads\/2019\/02\/douches_2basic_48.jpg","width":500,"height":500},{"@type":"BreadcrumbList","@id":"https:\/\/aktuell.ca\/en\/products\/basic-2\/#breadcrumb","itemListElement":[{"@type":"ListItem","position":1,"name":"Accueil","item":"https:\/\/aktuell.ca\/en\/"},{"@type":"ListItem","position":2,"name":"Boutique","item":"https:\/\/aktuell.ca\/boutique\/"},{"@type":"ListItem","position":3,"name":"BAS\u00cfC 2 48"}]},{"@type":"WebSite","@id":"https:\/\/aktuell.ca\/#website","url":"https:\/\/aktuell.ca\/","name":"AKTUELL","description":"Produits de salle de bains","potentialAction":[{"@type":"SearchAction","target":{"@type":"EntryPoint","urlTemplate":"https:\/\/aktuell.ca\/?s={search_term_string}"},"query-input":{"@type":"PropertyValueSpecification","valueRequired":true,"valueName":"search_term_string"}}],"inLanguage":"en-US"}]}},"_links":{"self":[{"href":"https:\/\/aktuell.ca\/en\/wp-json\/wp\/v2\/product\/1508","targetHints":{"allow":["GET"]}}],"collection":[{"href":"https:\/\/aktuell.ca\/en\/wp-json\/wp\/v2\/product"}],"about":[{"href":"https:\/\/aktuell.ca\/en\/wp-json\/wp\/v2\/types\/product"}],"wp:featuredmedia":[{"embeddable":true,"href":"https:\/\/aktuell.ca\/en\/wp-json\/wp\/v2\/media\/1416"}],"wp:attachment":[{"href":"https:\/\/aktuell.ca\/en\/wp-json\/wp\/v2\/media?parent=1508"}],"wp:term":[{"taxonomy":"product_brand","embeddable":true,"href":"https:\/\/aktuell.ca\/en\/wp-json\/wp\/v2\/product_brand?post=1508"},{"taxonomy":"product_cat","embeddable":true,"href":"https:\/\/aktuell.ca\/en\/wp-json\/wp\/v2\/product_cat?post=1508"},{"taxonomy":"product_tag","embeddable":true,"href":"https:\/\/aktuell.ca\/en\/wp-json\/wp\/v2\/product_tag?post=1508"}],"curies":[{"name":"wp","href":"https:\/\/api.w.org\/{rel}","templated":true}]}}