{"id":9078,"date":"2026-05-06T15:07:37","date_gmt":"2026-05-06T15:07:37","guid":{"rendered":"https:\/\/aktuell.ca\/?post_type=product&#038;p=9078"},"modified":"2026-05-07T19:43:46","modified_gmt":"2026-05-07T19:43:46","slug":"smart-toilet-iq2","status":"publish","type":"product","link":"https:\/\/aktuell.ca\/en\/products\/smart-toilet-iq2\/","title":{"rendered":"Smart Toilet iQ2"},"content":{"rendered":"","protected":false},"excerpt":{"rendered":"<p><img decoding=\"async\" class=\"alignnone wp-image-9079 \" src=\"https:\/\/aktuell.ca\/wp-content\/uploads\/2026\/05\/logo_iq2.png\" alt=\"\" width=\"146\" height=\"146\" srcset=\"https:\/\/aktuell.ca\/wp-content\/uploads\/2026\/05\/logo_iq2-66x66.png 66w, https:\/\/aktuell.ca\/wp-content\/uploads\/2026\/05\/logo_iq2-100x100.png 100w, https:\/\/aktuell.ca\/wp-content\/uploads\/2026\/05\/logo_iq2-150x150.png 150w, https:\/\/aktuell.ca\/wp-content\/uploads\/2026\/05\/logo_iq2-200x200.png 200w, https:\/\/aktuell.ca\/wp-content\/uploads\/2026\/05\/logo_iq2.png 300w\" sizes=\"(max-width: 146px) 100vw, 146px\" \/><\/p>\n<table style=\"width: 300px; height: 50px;\" border=\"0\" width=\"75%\" cellspacing=\"0\" cellpadding=\"0\">\n<tbody>\n<tr style=\"height: 100px;\">\n<td style=\"width: 16%; height: 10px;\"><img decoding=\"async\" class=\"wp-image-9084 aligncenter\" src=\"https:\/\/aktuell.ca\/wp-content\/uploads\/2026\/05\/logo_ETL.png\" alt=\"\" width=\"64\" height=\"76\" srcset=\"https:\/\/aktuell.ca\/wp-content\/uploads\/2026\/05\/logo_ETL-200x238.png 200w, https:\/\/aktuell.ca\/wp-content\/uploads\/2026\/05\/logo_ETL-252x300.png 252w, https:\/\/aktuell.ca\/wp-content\/uploads\/2026\/05\/logo_ETL-400x476.png 400w, https:\/\/aktuell.ca\/wp-content\/uploads\/2026\/05\/logo_ETL-500x595.png 500w, https:\/\/aktuell.ca\/wp-content\/uploads\/2026\/05\/logo_ETL.png 521w\" sizes=\"(max-width: 64px) 100vw, 64px\" \/><\/td>\n<td style=\"width: 16%; height: 10px;\"><img decoding=\"async\" class=\"wp-image-6017 aligncenter\" src=\"https:\/\/aktuell.ca\/wp-content\/uploads\/2024\/02\/logo_UPC.jpg\" alt=\"\" width=\"60\" height=\"56\" srcset=\"https:\/\/aktuell.ca\/wp-content\/uploads\/2024\/02\/logo_UPC-200x187.jpg 200w, https:\/\/aktuell.ca\/wp-content\/uploads\/2024\/02\/logo_UPC.jpg 250w\" sizes=\"(max-width: 60px) 100vw, 60px\" \/><\/td>\n<td style=\"width: 16%; height: 10px;\"><img decoding=\"async\" class=\"wp-image-6039 aligncenter\" src=\"https:\/\/aktuell.ca\/wp-content\/uploads\/2024\/05\/logo_ADA-Compliant.png\" alt=\"\" width=\"60\" height=\"63\" srcset=\"https:\/\/aktuell.ca\/wp-content\/uploads\/2024\/05\/logo_ADA-Compliant-200x208.png 200w, https:\/\/aktuell.ca\/wp-content\/uploads\/2024\/05\/logo_ADA-Compliant-288x300.png 288w, https:\/\/aktuell.ca\/wp-content\/uploads\/2024\/05\/logo_ADA-Compliant-400x417.png 400w, https:\/\/aktuell.ca\/wp-content\/uploads\/2024\/05\/logo_ADA-Compliant.png 500w\" sizes=\"(max-width: 60px) 100vw, 60px\" \/><\/td>\n<\/tr>\n<\/tbody>\n<\/table>\n<p><strong><span style=\"color: #07a5ae; font-size: 18px;\">PRODUCT CODE :<br \/>\n<\/span><\/strong><strong><b style=\"font-family: inherit; font-size: inherit;\">AKK-IQ2<\/b><\/strong><\/p>\n<p><b style=\"font-family: inherit; font-size: inherit;\"><\/b>[fusion_tabs design=\"classic\" layout=\"horizontal\" justified=\"yes\" alignment=\"start\" sticky_tabs=\"no\" sticky_tabs_offset=\"\" icon=\"\" icon_position=\"\" icon_size=\"\" hide_on_mobile=\"small-visibility,medium-visibility,large-visibility\" class=\"\" id=\"\" margin_top_medium=\"\" margin_right_medium=\"\" margin_bottom_medium=\"\" margin_left_medium=\"\" margin_top_small=\"\" margin_right_small=\"\" margin_bottom_small=\"\" margin_left_small=\"\" margin_top=\"\" margin_right=\"\" margin_bottom=\"\" margin_left=\"\" title_tag=\"div\" fusion_font_family_title_font=\"Verdana, Geneva, sans-serif\" fusion_font_variant_title_font=\"400\" title_font_size=\"20px\" title_line_height=\"20px\" title_letter_spacing=\"\" title_text_transform=\"\" title_padding_top=\"\" title_padding_right=\"\" title_padding_bottom=\"\" title_padding_left=\"\" content_padding_top=\"\" content_padding_right=\"\" content_padding_bottom=\"\" content_padding_left=\"\" bordercolor=\"\" hue=\"\" saturation=\"\" lightness=\"\" alpha=\"\" active_border_color=\"#07a5ae\" inactivecolor=\"\" title_text_color=\"#07a5ae\" icon_color=\"\" backgroundcolor=\"\" title_active_text_color=\"\" icon_active_color=\"\" mobile_mode=\"\" mobile_sticky_tabs=\"\"][fusion_tab title=\"FEATURES\" icon=\"\" icon_color=\"<span style=\"color: #07a5ae;\">#07a5ae<\/span>\" hue=\"\" saturation=\"\" lightness=\"\" alpha=\"\" icon_active_color=\"\"]<\/p>\n<div class=\"page\" title=\"Page 1\">\n<div class=\"section\">\n<div class=\"layoutArea\">\n<div class=\"column\">\n<h4>A new generation of smart toilets, featuring unique technology, is now at your fingertips.<\/h4>\n<ul>\n<li>Three modes for opening and closing the lid and seat, with automatic flushing<\/li>\n<li>Adjustable (4 levels): heated seat, instant hot water, and air-pulse drying<\/li>\n<li>Stainless steel nozzle for front and rear wash, with self-cleaning function<\/li>\n<li>Advanced features: LCD display, multifunction remote control, UV sterilization, aromatherapy, deodorization, and nightlight<\/li>\n<li>Safety &amp; convenience: child seat\/mode, multi-level protection, emergency battery, and integrated water filtration system<\/li>\n<li>Customizable mood lighting<\/li>\n<li>Mobile app<\/li>\n<li>3-Year Limited Warranty<\/li>\n<\/ul>\n<\/div>\n<\/div>\n<\/div>\n<\/div>\n<p>[\/fusion_tab][fusion_tab title=\"SPECIFICATIONS\" icon=\"\" icon_color=\"\" hue=\"\" saturation=\"\" lightness=\"\" alpha=\"\" icon_active_color=\"\"]<\/p>\n<div class=\"table-1\" style=\"margin: undefined;\">\n[fusion_table fusion_table_type=\"1\" fusion_table_rows=\"2\" fusion_table_columns=\"2\" animation_type=\"\" animation_direction=\"left\" animation_speed=\"0.3\" animation_offset=\"\" hide_on_mobile=\"small-visibility,medium-visibility,large-visibility\" class=\"\" id=\"\"]\n<div class=\"table-1\" style=\"margin: undefined;\">\n<table style=\"height: 205px;\" width=\"527\">\n<thead>\n<tr>\n<th align=\"left\">\n<p class=\"p1\"><span style=\"color: #07a5ae; font-size: 18px;\"><b style=\"font-family: inherit; font-size: 18px;\">AKK-IQ2<\/b><\/span><\/p>\n<\/th>\n<\/tr>\n<\/thead>\n<tbody>\n<tr>\n<td align=\"left\">Width : 390mm\/ 15 1\/4&#8243;<\/td>\n<\/tr>\n<tr>\n<td align=\"left\">Depth : 700mm \/ 27 1\/2&#8243;<\/td>\n<\/tr>\n<tr>\n<td align=\"left\">Height : 465mm \/ 18 5\/16&#8243;<\/td>\n<\/tr>\n<tr>\n<td align=\"left\">Seat height : 419mm \/ 16 1\/2&#8243;<\/td>\n<\/tr>\n<\/tbody>\n<\/table>\n<p>[\/fusion_table][\/fusion_tab][\/fusion_tabs][fusion_button link=\"https:\/\/aktuell.ca\/wp-content\/uploads\/2026\/05\/AKTUELL_ToiletteIntelligente-IQ2_FicheTechnique_en.pdf\" title=\"\" target=\"_blank\" link_attributes=\"\" alignment_medium=\"\" alignment_small=\"\" alignment=\"center\" modal=\"\" hide_on_mobile=\"small-visibility,large-visibility\" sticky_display=\"normal,sticky\" class=\"\" id=\"\" color=\"custom\" button_gradient_top_color=\"<span style=\"color: #07a5ae;\">#07a5ae<\/span>\" hue=\"\" saturation=\"\" lightness=\"\" alpha=\"\" button_gradient_bottom_color=\"<span style=\"color: #07a5ae;\">#07a5ae<\/span>\" button_gradient_top_color_hover=\"<span style=\"color: #07a5ae;\">#07a5ae<\/span>\" button_gradient_bottom_color_hover=\"<span style=\"color: #07a5ae;\">#07a5ae<\/span>\" gradient_start_position=\"\" gradient_end_position=\"\" gradient_type=\"\" radial_direction=\"\" linear_angle=\"180\" accent_color=\"var(--awb-color1)\" accent_hover_color=\"var(--awb-custom15)\" type=\"\" bevel_color=\"\" bevel_color_hover=\"\" border_top=\"\" border_right=\"\" border_bottom=\"\" border_left=\"\" border_radius_top_left=\"\" border_radius_top_right=\"\" border_radius_bottom_right=\"\" border_radius_bottom_left=\"\" border_color=\"\" border_hover_color=\"\" size=\"large\" padding_top=\"\" padding_right=\"\" padding_bottom=\"\" padding_left=\"\" fusion_font_family_button_font=\"'Arial Black', Gadget, sans-serif\" fusion_font_variant_button_font=\"700\" font_size=\"45px\" line_height=\"\" letter_spacing=\"\" text_transform=\"\" stretch=\"default\" margin_top=\"25px\" margin_right=\"\" margin_bottom=\"\" margin_left=\"\" icon=\"fa-file-import fas\" icon_position=\"left\" icon_divider=\"no\" animation_type=\"\" animation_direction=\"left\" animation_speed=\"0.3\" animation_offset=\"\"]SPECIFICATIONS[\/fusion_button]<\/p>\n[fusion_button link=\"<span style=\"color: #ff0000;\">Ici le livret d'installation\/Utilisation<\/span>\" title=\"\" target=\"_blank\" link_attributes=\"\" alignment_medium=\"\" alignment_small=\"\" alignment=\"center\" modal=\"\" hide_on_mobile=\"small-visibility,large-visibility\" sticky_display=\"normal,sticky\" class=\"\" id=\"\" color=\"custom\" button_gradient_top_color=\"<span style=\"color: #07a5ae;\">#07a5ae<\/span>\" hue=\"\" saturation=\"\" lightness=\"\" alpha=\"\" button_gradient_bottom_color=\"<span style=\"color: #07a5ae;\">#07a5ae<\/span>\" button_gradient_top_color_hover=\"<span style=\"color: #07a5ae;\">#07a5ae<\/span>\" button_gradient_bottom_color_hover=\"<span style=\"color: #07a5ae;\">#07a5ae<\/span>\" gradient_start_position=\"\" gradient_end_position=\"\" gradient_type=\"\" radial_direction=\"\" linear_angle=\"180\" accent_color=\"var(--awb-color1)\" accent_hover_color=\"var(--awb-custom15)\" type=\"\" bevel_color=\"\" bevel_color_hover=\"\" border_top=\"\" border_right=\"\" border_bottom=\"\" border_left=\"\" border_radius_top_left=\"\" border_radius_top_right=\"\" border_radius_bottom_right=\"\" border_radius_bottom_left=\"\" border_color=\"\" border_hover_color=\"\" size=\"large\" padding_top=\"\" padding_right=\"\" padding_bottom=\"\" padding_left=\"\" fusion_font_family_button_font=\"'Arial Black', Gadget, sans-serif\" fusion_font_variant_button_font=\"700\" font_size=\"45px\" line_height=\"\" letter_spacing=\"\" text_transform=\"\" stretch=\"default\" margin_top=\"25px\" margin_right=\"\" margin_bottom=\"\" margin_left=\"\" icon=\"fa-file-import fas\" icon_position=\"left\" icon_divider=\"no\" animation_type=\"\" animation_direction=\"left\" animation_speed=\"0.3\" animation_offset=\"\"]OWNER MANUAL[\/fusion_button]\n<p class=\"p1\">\n<\/div>\n<\/div>\n","protected":false},"featured_media":9098,"template":"","meta":[],"product_brand":[],"product_cat":[213,57],"product_tag":[],"class_list":{"0":"post-9078","1":"product","2":"type-product","3":"status-publish","4":"has-post-thumbnail","6":"product_cat-smart-toilets","7":"product_cat-toilets","9":"first","10":"instock","11":"shipping-taxable","12":"product-type-simple"},"yoast_head":"<!-- This site is optimized with the Yoast SEO plugin v27.5 - https:\/\/yoast.com\/product\/yoast-seo-wordpress\/ -->\n<title>Smart Toilet iQ2 - AKTUELL<\/title>\n<meta name=\"description\" content=\"D\u00e9couvrez la toilette intelligente IQ+ avec ses fonctionnalit\u00e9s avanc\u00e9es : bidet int\u00e9gr\u00e9, contr\u00f4le \u00e0 distance, et design moderne. Parfaite pour un confort absolu.\" \/>\n<meta name=\"robots\" content=\"index, follow, max-snippet:-1, max-image-preview:large, max-video-preview:-1\" \/>\n<link rel=\"canonical\" href=\"https:\/\/aktuell.ca\/en\/products\/smart-toilet-iq2\/\" \/>\n<meta property=\"og:locale\" content=\"en_US\" \/>\n<meta property=\"og:type\" content=\"article\" \/>\n<meta property=\"og:title\" content=\"Smart Toilet iQ2 - AKTUELL\" \/>\n<meta property=\"og:description\" content=\"D\u00e9couvrez la toilette intelligente IQ+ avec ses fonctionnalit\u00e9s avanc\u00e9es : bidet int\u00e9gr\u00e9, contr\u00f4le \u00e0 distance, et design moderne. Parfaite pour un confort absolu.\" \/>\n<meta property=\"og:url\" content=\"https:\/\/aktuell.ca\/en\/products\/smart-toilet-iq2\/\" \/>\n<meta property=\"og:site_name\" content=\"AKTUELL\" \/>\n<meta property=\"article:modified_time\" content=\"2026-05-07T19:43:46+00:00\" \/>\n<meta property=\"og:image\" content=\"https:\/\/aktuell.ca\/wp-content\/uploads\/2026\/05\/Toilette_IQ2_AKK-iQ2_1000X1000_en.jpg\" \/>\n\t<meta property=\"og:image:width\" content=\"2083\" \/>\n\t<meta property=\"og:image:height\" content=\"2083\" \/>\n\t<meta property=\"og:image:type\" content=\"image\/jpeg\" \/>\n<meta name=\"twitter:card\" content=\"summary_large_image\" \/>\n<meta name=\"twitter:label1\" content=\"Est. reading time\" \/>\n\t<meta name=\"twitter:data1\" content=\"1 minute\" \/>\n<script type=\"application\/ld+json\" class=\"yoast-schema-graph\">{\"@context\":\"https:\\\/\\\/schema.org\",\"@graph\":[{\"@type\":\"WebPage\",\"@id\":\"https:\\\/\\\/aktuell.ca\\\/en\\\/products\\\/smart-toilet-iq2\\\/\",\"url\":\"https:\\\/\\\/aktuell.ca\\\/en\\\/products\\\/smart-toilet-iq2\\\/\",\"name\":\"Smart Toilet iQ2 - AKTUELL\",\"isPartOf\":{\"@id\":\"https:\\\/\\\/aktuell.ca\\\/#website\"},\"primaryImageOfPage\":{\"@id\":\"https:\\\/\\\/aktuell.ca\\\/en\\\/products\\\/smart-toilet-iq2\\\/#primaryimage\"},\"image\":{\"@id\":\"https:\\\/\\\/aktuell.ca\\\/en\\\/products\\\/smart-toilet-iq2\\\/#primaryimage\"},\"thumbnailUrl\":\"https:\\\/\\\/aktuell.ca\\\/wp-content\\\/uploads\\\/2026\\\/05\\\/Toilette_IQ2_AKK-iQ2_1000X1000_en.jpg\",\"datePublished\":\"2026-05-06T15:07:37+00:00\",\"dateModified\":\"2026-05-07T19:43:46+00:00\",\"description\":\"D\u00e9couvrez la toilette intelligente IQ+ avec ses fonctionnalit\u00e9s avanc\u00e9es : bidet int\u00e9gr\u00e9, contr\u00f4le \u00e0 distance, et design moderne. Parfaite pour un confort absolu.\",\"breadcrumb\":{\"@id\":\"https:\\\/\\\/aktuell.ca\\\/en\\\/products\\\/smart-toilet-iq2\\\/#breadcrumb\"},\"inLanguage\":\"en-US\",\"potentialAction\":[{\"@type\":\"ReadAction\",\"target\":[\"https:\\\/\\\/aktuell.ca\\\/en\\\/products\\\/smart-toilet-iq2\\\/\"]}]},{\"@type\":\"ImageObject\",\"inLanguage\":\"en-US\",\"@id\":\"https:\\\/\\\/aktuell.ca\\\/en\\\/products\\\/smart-toilet-iq2\\\/#primaryimage\",\"url\":\"https:\\\/\\\/aktuell.ca\\\/wp-content\\\/uploads\\\/2026\\\/05\\\/Toilette_IQ2_AKK-iQ2_1000X1000_en.jpg\",\"contentUrl\":\"https:\\\/\\\/aktuell.ca\\\/wp-content\\\/uploads\\\/2026\\\/05\\\/Toilette_IQ2_AKK-iQ2_1000X1000_en.jpg\",\"width\":2083,\"height\":2083},{\"@type\":\"BreadcrumbList\",\"@id\":\"https:\\\/\\\/aktuell.ca\\\/en\\\/products\\\/smart-toilet-iq2\\\/#breadcrumb\",\"itemListElement\":[{\"@type\":\"ListItem\",\"position\":1,\"name\":\"Accueil\",\"item\":\"https:\\\/\\\/aktuell.ca\\\/en\\\/\"},{\"@type\":\"ListItem\",\"position\":2,\"name\":\"Boutique\",\"item\":\"https:\\\/\\\/aktuell.ca\\\/boutique\\\/\"},{\"@type\":\"ListItem\",\"position\":3,\"name\":\"Smart Toilet iQ2\"}]},{\"@type\":\"WebSite\",\"@id\":\"https:\\\/\\\/aktuell.ca\\\/#website\",\"url\":\"https:\\\/\\\/aktuell.ca\\\/\",\"name\":\"AKTUELL\",\"description\":\"Produits de salle de bains\",\"potentialAction\":[{\"@type\":\"SearchAction\",\"target\":{\"@type\":\"EntryPoint\",\"urlTemplate\":\"https:\\\/\\\/aktuell.ca\\\/?s={search_term_string}\"},\"query-input\":{\"@type\":\"PropertyValueSpecification\",\"valueRequired\":true,\"valueName\":\"search_term_string\"}}],\"inLanguage\":\"en-US\"}]}<\/script>\n<!-- \/ Yoast SEO plugin. -->","yoast_head_json":{"title":"Smart Toilet iQ2 - AKTUELL","description":"D\u00e9couvrez la toilette intelligente IQ+ avec ses fonctionnalit\u00e9s avanc\u00e9es : bidet int\u00e9gr\u00e9, contr\u00f4le \u00e0 distance, et design moderne. Parfaite pour un confort absolu.","robots":{"index":"index","follow":"follow","max-snippet":"max-snippet:-1","max-image-preview":"max-image-preview:large","max-video-preview":"max-video-preview:-1"},"canonical":"https:\/\/aktuell.ca\/en\/products\/smart-toilet-iq2\/","og_locale":"en_US","og_type":"article","og_title":"Smart Toilet iQ2 - AKTUELL","og_description":"D\u00e9couvrez la toilette intelligente IQ+ avec ses fonctionnalit\u00e9s avanc\u00e9es : bidet int\u00e9gr\u00e9, contr\u00f4le \u00e0 distance, et design moderne. Parfaite pour un confort absolu.","og_url":"https:\/\/aktuell.ca\/en\/products\/smart-toilet-iq2\/","og_site_name":"AKTUELL","article_modified_time":"2026-05-07T19:43:46+00:00","og_image":[{"width":2083,"height":2083,"url":"https:\/\/aktuell.ca\/wp-content\/uploads\/2026\/05\/Toilette_IQ2_AKK-iQ2_1000X1000_en.jpg","type":"image\/jpeg"}],"twitter_card":"summary_large_image","twitter_misc":{"Est. reading time":"1 minute"},"schema":{"@context":"https:\/\/schema.org","@graph":[{"@type":"WebPage","@id":"https:\/\/aktuell.ca\/en\/products\/smart-toilet-iq2\/","url":"https:\/\/aktuell.ca\/en\/products\/smart-toilet-iq2\/","name":"Smart Toilet iQ2 - AKTUELL","isPartOf":{"@id":"https:\/\/aktuell.ca\/#website"},"primaryImageOfPage":{"@id":"https:\/\/aktuell.ca\/en\/products\/smart-toilet-iq2\/#primaryimage"},"image":{"@id":"https:\/\/aktuell.ca\/en\/products\/smart-toilet-iq2\/#primaryimage"},"thumbnailUrl":"https:\/\/aktuell.ca\/wp-content\/uploads\/2026\/05\/Toilette_IQ2_AKK-iQ2_1000X1000_en.jpg","datePublished":"2026-05-06T15:07:37+00:00","dateModified":"2026-05-07T19:43:46+00:00","description":"D\u00e9couvrez la toilette intelligente IQ+ avec ses fonctionnalit\u00e9s avanc\u00e9es : bidet int\u00e9gr\u00e9, contr\u00f4le \u00e0 distance, et design moderne. Parfaite pour un confort absolu.","breadcrumb":{"@id":"https:\/\/aktuell.ca\/en\/products\/smart-toilet-iq2\/#breadcrumb"},"inLanguage":"en-US","potentialAction":[{"@type":"ReadAction","target":["https:\/\/aktuell.ca\/en\/products\/smart-toilet-iq2\/"]}]},{"@type":"ImageObject","inLanguage":"en-US","@id":"https:\/\/aktuell.ca\/en\/products\/smart-toilet-iq2\/#primaryimage","url":"https:\/\/aktuell.ca\/wp-content\/uploads\/2026\/05\/Toilette_IQ2_AKK-iQ2_1000X1000_en.jpg","contentUrl":"https:\/\/aktuell.ca\/wp-content\/uploads\/2026\/05\/Toilette_IQ2_AKK-iQ2_1000X1000_en.jpg","width":2083,"height":2083},{"@type":"BreadcrumbList","@id":"https:\/\/aktuell.ca\/en\/products\/smart-toilet-iq2\/#breadcrumb","itemListElement":[{"@type":"ListItem","position":1,"name":"Accueil","item":"https:\/\/aktuell.ca\/en\/"},{"@type":"ListItem","position":2,"name":"Boutique","item":"https:\/\/aktuell.ca\/boutique\/"},{"@type":"ListItem","position":3,"name":"Smart Toilet iQ2"}]},{"@type":"WebSite","@id":"https:\/\/aktuell.ca\/#website","url":"https:\/\/aktuell.ca\/","name":"AKTUELL","description":"Produits de salle de bains","potentialAction":[{"@type":"SearchAction","target":{"@type":"EntryPoint","urlTemplate":"https:\/\/aktuell.ca\/?s={search_term_string}"},"query-input":{"@type":"PropertyValueSpecification","valueRequired":true,"valueName":"search_term_string"}}],"inLanguage":"en-US"}]}},"_links":{"self":[{"href":"https:\/\/aktuell.ca\/en\/wp-json\/wp\/v2\/product\/9078","targetHints":{"allow":["GET"]}}],"collection":[{"href":"https:\/\/aktuell.ca\/en\/wp-json\/wp\/v2\/product"}],"about":[{"href":"https:\/\/aktuell.ca\/en\/wp-json\/wp\/v2\/types\/product"}],"wp:featuredmedia":[{"embeddable":true,"href":"https:\/\/aktuell.ca\/en\/wp-json\/wp\/v2\/media\/9098"}],"wp:attachment":[{"href":"https:\/\/aktuell.ca\/en\/wp-json\/wp\/v2\/media?parent=9078"}],"wp:term":[{"taxonomy":"product_brand","embeddable":true,"href":"https:\/\/aktuell.ca\/en\/wp-json\/wp\/v2\/product_brand?post=9078"},{"taxonomy":"product_cat","embeddable":true,"href":"https:\/\/aktuell.ca\/en\/wp-json\/wp\/v2\/product_cat?post=9078"},{"taxonomy":"product_tag","embeddable":true,"href":"https:\/\/aktuell.ca\/en\/wp-json\/wp\/v2\/product_tag?post=9078"}],"curies":[{"name":"wp","href":"https:\/\/api.w.org\/{rel}","templated":true}]}}